{"id":762,"date":"2025-08-11T14:11:00","date_gmt":"2025-08-11T12:11:00","guid":{"rendered":"https:\/\/lamareaibiza.com\/cookies-policy\/"},"modified":"2025-10-09T15:42:56","modified_gmt":"2025-10-09T13:42:56","slug":"cookies-policy","status":"publish","type":"page","link":"https:\/\/lamareaibiza.com\/en\/cookies-policy\/","title":{"rendered":"Cookies policy"},"content":{"rendered":"\t\t<div data-elementor-type=\"wp-page\" data-elementor-id=\"762\" class=\"elementor elementor-762 elementor-330\" data-elementor-post-type=\"page\">\n\t\t\t\t\t\t<section class=\"elementor-section elementor-top-section elementor-element elementor-element-960c61d elementor-section-boxed elementor-section-height-default elementor-section-height-default\" data-id=\"960c61d\" data-element_type=\"section\">\n\t\t\t\t\t\t<div class=\"elementor-container elementor-column-gap-default\">\n\t\t\t\t\t<div class=\"elementor-column elementor-col-100 elementor-top-column elementor-element elementor-element-b2b7df6\" data-id=\"b2b7df6\" data-element_type=\"column\">\n\t\t\t<div class=\"elementor-widget-wrap elementor-element-populated\">\n\t\t\t\t\t\t<div class=\"elementor-element elementor-element-e950559 elementor-widget elementor-widget-heading\" data-id=\"e950559\" data-element_type=\"widget\" data-widget_type=\"heading.default\">\n\t\t\t\t<div class=\"elementor-widget-container\">\n\t\t\t\t\t<h1 class=\"elementor-heading-title elementor-size-default\">Cookies policy<\/h1>\t\t\t\t<\/div>\n\t\t\t\t<\/div>\n\t\t\t\t<div class=\"elementor-element elementor-element-d8d5ed0 elementor-widget elementor-widget-text-editor\" data-id=\"d8d5ed0\" data-element_type=\"widget\" data-widget_type=\"text-editor.default\">\n\t\t\t\t<div class=\"elementor-widget-container\">\n\t\t\t\t\t\t\t\t\t<p data-start=\"553\" data-end=\"580\"><strong>\u00bfQu\u00e9 son las cookies?<\/strong><\/p><p data-start=\"581\" data-end=\"730\">Las cookies son peque\u00f1os archivos de texto que los sitios web pueden instalar en su dispositivo con el fin de mejorar su experiencia de navegaci\u00f3n.<\/p><p data-start=\"732\" data-end=\"986\">La normativa permite almacenar cookies en su dispositivo si son estrictamente necesarias para el funcionamiento del sitio web. Para todos los dem\u00e1s tipos de cookies (anal\u00edticas, de personalizaci\u00f3n o publicitarias) necesitamos su consentimiento expreso. <\/p><p data-start=\"988\" data-end=\"1180\">Este sitio utiliza diferentes tipos de cookies. Algunas son instaladas directamente por nuestro dominio y otras son proporcionadas por servicios de terceros que aparecen en nuestras p\u00e1ginas. <br><br><\/p><p data-start=\"1187\" data-end=\"1234\"><strong>\u00bfQui\u00e9n es el responsable del tratamiento?<\/strong><\/p><p data-start=\"1235\" data-end=\"1441\"><strong data-start=\"1235\" data-end=\"1251\">Responsable:<\/strong> Mar\u00eda Ben\u00edtez Sierra<br data-start=\"1272\" data-end=\"1275\"><strong data-start=\"1275\" data-end=\"1283\">NIF:<\/strong> 70367259Y<br data-start=\"1293\" data-end=\"1296\"><strong data-start=\"1296\" data-end=\"1310\">Direcci\u00f3n:<\/strong> Carrer de l\u2019Hospitalet bloque 2, 1-4<br data-start=\"1347\" data-end=\"1350\"><strong data-start=\"1350\" data-end=\"1373\">Correo electr\u00f3nico:<\/strong> 628486272<br data-start=\"1383\" data-end=\"1386\"><strong data-start=\"1386\" data-end=\"1394\">Web:<\/strong> <a class=\"decorated-link\" href=\"https:\/\/lamareaibiza.com\/en\/\" target=\"_new\" rel=\"noopener\" data-start=\"1395\" data-end=\"1439\">lamareaibiza.com<\/a><\/p><p data-start=\"1448\" data-end=\"1500\"><br><strong>\u00bfQu\u00e9 tipos de cookies utiliza esta p\u00e1gina web?<\/strong><\/p><p data-start=\"1502\" data-end=\"1541\">1. Cookies necesarias (t\u00e9cnicas)<\/p><p data-start=\"1542\" data-end=\"1664\">Estas cookies son esenciales para que el sitio web funcione correctamente y no pueden desactivarse en nuestros sistemas.<\/p><div class=\"group w-fit _tableWrapper_1rjym_13 flex flex-col-reverse\" tabindex=\"-1\"><table class=\"w-fit min-w-(--thread-content-width)\" data-start=\"1666\" data-end=\"2686\"><thead data-start=\"1666\" data-end=\"1804\"><tr data-start=\"1666\" data-end=\"1804\"><th data-start=\"1666\" data-end=\"1691\" data-col-size=\"sm\">Cookie<\/th><th data-start=\"1691\" data-end=\"1710\" data-col-size=\"sm\">Dominio<\/th><th data-start=\"1710\" data-end=\"1786\" data-col-size=\"lg\">Finalidad<\/th><th data-start=\"1786\" data-end=\"1804\" data-col-size=\"sm\">Duraci\u00f3n<\/th><\/tr><\/thead><tbody data-start=\"1944\" data-end=\"2686\"><tr data-start=\"1944\" data-end=\"2119\"><td data-start=\"1944\" data-end=\"1970\" data-col-size=\"sm\">elementor<\/td><td data-start=\"1970\" data-end=\"1989\" data-col-size=\"sm\">lamareaibiza.com<\/td><td data-start=\"1989\" data-end=\"2101\" data-col-size=\"lg\">Utilizada por el tema de WordPress. Permite al propietario implementar o cambiar el contenido en tiempo real. <\/td><td data-start=\"2101\" data-end=\"2119\" data-col-size=\"sm\">Permanente<\/td><\/tr><tr data-start=\"2120\" data-end=\"2261\"><td data-start=\"2120\" data-end=\"2146\" data-col-size=\"sm\">rc::a<\/td><td data-start=\"2146\" data-end=\"2165\" data-col-size=\"sm\">google.com<\/td><td data-start=\"2165\" data-end=\"2243\" data-col-size=\"lg\">Establecida por el servicio reCAPTCHA para distinguir entre humanos y bots.<\/td><td data-start=\"2243\" data-end=\"2261\" data-col-size=\"sm\">Permanente<\/td><\/tr><tr data-start=\"2262\" data-end=\"2403\"><td data-start=\"2262\" data-end=\"2288\" data-col-size=\"sm\">rc::c<\/td><td data-start=\"2288\" data-end=\"2307\" data-col-size=\"sm\">google.com<\/td><td data-start=\"2307\" data-end=\"2385\" data-col-size=\"lg\">Establecida por el servicio reCAPTCHA para distinguir entre humanos y bots.<\/td><td data-start=\"2385\" data-end=\"2403\" data-col-size=\"sm\">Sesi\u00f3n<\/td><\/tr><tr data-start=\"2404\" data-end=\"2543\"><td data-start=\"2404\" data-end=\"2430\" data-col-size=\"sm\">wpEmojiSettingsSupports<\/td><td data-start=\"2430\" data-end=\"2449\" data-col-size=\"sm\">lamareaibiza.com<\/td><td data-start=\"2449\" data-end=\"2525\" data-col-size=\"lg\">Determina si el navegador del usuario puede mostrar emojis correctamente.<\/td><td data-start=\"2525\" data-end=\"2543\" data-col-size=\"sm\">Sesi\u00f3n<\/td><\/tr><tr data-start=\"2544\" data-end=\"2686\"><td data-start=\"2544\" data-end=\"2570\" data-col-size=\"sm\">cmplz_user_data<\/td><td data-start=\"2570\" data-end=\"2589\" data-col-size=\"sm\">lamareaibiza.com<\/td><td data-start=\"2589\" data-end=\"2666\" data-col-size=\"lg\">Gestiona las preferencias y el consentimiento de cookies del usuario.<\/td><td data-start=\"2666\" data-end=\"2686\" data-col-size=\"sm\">Sesi\u00f3n<\/td><\/tr><\/tbody><\/table><\/div><p data-start=\"2693\" data-end=\"2721\"><br>2. Cookies anal\u00edticas<\/p><p data-start=\"2722\" data-end=\"2903\">Estas cookies permiten contar visitas y fuentes de tr\u00e1fico con el fin de evaluar el rendimiento del sitio y mejorar su funcionamiento. La informaci\u00f3n se recopila de forma an\u00f3nima. <\/p><div class=\"group w-fit _tableWrapper_1rjym_13 flex flex-col-reverse\" tabindex=\"-1\"><table class=\"w-fit min-w-(--thread-content-width)\" data-start=\"2905\" data-end=\"3516\"><thead data-start=\"2905\" data-end=\"3052\"><tr data-start=\"2905\" data-end=\"3052\"><th data-start=\"2905\" data-end=\"2914\" data-col-size=\"sm\">Cookie<\/th><th data-start=\"2914\" data-end=\"2933\" data-col-size=\"sm\">Dominio<\/th><th data-start=\"2933\" data-end=\"3026\" data-col-size=\"lg\">Finalidad<\/th><th data-start=\"3026\" data-end=\"3052\" data-col-size=\"sm\">Duraci\u00f3n<\/th><\/tr><\/thead><tbody data-start=\"3200\" data-end=\"3516\"><tr data-start=\"3200\" data-end=\"3369\"><td data-start=\"3200\" data-end=\"3209\" data-col-size=\"sm\">_ga<\/td><td data-start=\"3209\" data-end=\"3228\" data-col-size=\"sm\">lamareaibiza.com<\/td><td data-start=\"3228\" data-end=\"3344\" data-col-size=\"lg\">Instalada por Google Analytics. Calcula datos de visitantes, sesiones y campa\u00f1as mediante un identificador \u00fanico. <\/td><td data-start=\"3344\" data-end=\"3369\" data-col-size=\"sm\">1 a\u00f1o, 1 mes y 4 d\u00edas<\/td><\/tr><tr data-start=\"3370\" data-end=\"3516\"><td data-start=\"3370\" data-end=\"3379\" data-col-size=\"sm\">ga*<\/td><td data-start=\"3379\" data-end=\"3398\" data-col-size=\"sm\">lamareaibiza.com<\/td><td data-start=\"3398\" data-end=\"3491\" data-col-size=\"lg\">Establecida por Google Analytics para almacenar y contar las p\u00e1ginas vistas.<\/td><td data-start=\"3491\" data-end=\"3516\" data-col-size=\"sm\">1 a\u00f1o, 1 mes y 4 d\u00edas<\/td><\/tr><\/tbody><\/table><\/div><p data-start=\"3523\" data-end=\"3547\"><br><strong>Gesti\u00f3n de cookies<\/strong><\/p><p data-start=\"3548\" data-end=\"3764\">Puede configurar su navegador para bloquear o recibir alertas sobre la instalaci\u00f3n de cookies. No obstante, si decide bloquear ciertas cookies, es posible que algunas funcionalidades de la web no est\u00e9n disponibles. <\/p><p data-start=\"3766\" data-end=\"3850\">Aqu\u00ed tiene informaci\u00f3n para configurar las cookies en los principales navegadores:<\/p><ul data-start=\"3852\" data-end=\"4221\"><li data-start=\"3852\" data-end=\"3925\"><p data-start=\"3854\" data-end=\"3925\"><a class=\"decorated-link\" href=\"https:\/\/support.google.com\/chrome\/answer\/95647?hl=es\" target=\"_new\" rel=\"noopener\" data-start=\"3854\" data-end=\"3923\">Google Chrome<\/a><\/p><\/li><li data-start=\"3926\" data-end=\"4036\"><p data-start=\"3928\" data-end=\"4036\"><a class=\"decorated-link\" href=\"https:\/\/support.mozilla.org\/es\/kb\/proteccion-contra-rastreo-mejorada-firefox-escritorio\" target=\"_new\" rel=\"noopener\" data-start=\"3928\" data-end=\"4034\">Mozilla Firefox<\/a><\/p><\/li><li data-start=\"4037\" data-end=\"4109\"><p data-start=\"4039\" data-end=\"4109\"><a class=\"decorated-link\" href=\"https:\/\/support.apple.com\/es-es\/guide\/safari\/sfri11471\/mac\" target=\"_new\" rel=\"noopener\" data-start=\"4039\" data-end=\"4107\">Safari<\/a><\/p><\/li><li data-start=\"4110\" data-end=\"4221\"><p data-start=\"4112\" data-end=\"4221\"><a class=\"decorated-link\" href=\"https:\/\/support.microsoft.com\/es-es\/help\/4468242\/microsoft-edge-browsing-data-and-privacy\" target=\"_new\" rel=\"noopener\" data-start=\"4112\" data-end=\"4219\">Microsoft Edge<\/a><\/p><\/li><\/ul><p data-start=\"4228\" data-end=\"4267\"><br><strong>Cambios en la Pol\u00edtica de Cookies<\/strong><\/p><p data-start=\"4268\" data-end=\"4536\">Podemos actualizar esta Pol\u00edtica de Cookies en funci\u00f3n de cambios legislativos o de las directrices de la Agencia Espa\u00f1ola de Protecci\u00f3n de Datos (AEPD). Recomendamos revisar este documento peri\u00f3dicamente para estar informado sobre el uso que hacemos de las cookies. <\/p>\t\t\t\t\t\t\t\t<\/div>\n\t\t\t\t<\/div>\n\t\t\t\t\t<\/div>\n\t\t<\/div>\n\t\t\t\t\t<\/div>\n\t\t<\/section>\n\t\t\t\t<\/div>\n\t\t","protected":false},"excerpt":{"rendered":"<p>Cookies policy \u00bfQu\u00e9 son las cookies? Las cookies son peque\u00f1os archivos de texto que los sitios web pueden instalar en su dispositivo con el fin de mejorar su experiencia de navegaci\u00f3n. La normativa permite almacenar cookies en su dispositivo si son estrictamente necesarias para el funcionamiento del sitio web. Para todos los dem\u00e1s tipos de [&hellip;]<\/p>\n","protected":false},"author":3,"featured_media":0,"parent":0,"menu_order":0,"comment_status":"closed","ping_status":"closed","template":"","meta":{"footnotes":""},"class_list":["post-762","page","type-page","status-publish","hentry"],"_links":{"self":[{"href":"https:\/\/lamareaibiza.com\/en\/wp-json\/wp\/v2\/pages\/762","targetHints":{"allow":["GET"]}}],"collection":[{"href":"https:\/\/lamareaibiza.com\/en\/wp-json\/wp\/v2\/pages"}],"about":[{"href":"https:\/\/lamareaibiza.com\/en\/wp-json\/wp\/v2\/types\/page"}],"author":[{"embeddable":true,"href":"https:\/\/lamareaibiza.com\/en\/wp-json\/wp\/v2\/users\/3"}],"replies":[{"embeddable":true,"href":"https:\/\/lamareaibiza.com\/en\/wp-json\/wp\/v2\/comments?post=762"}],"version-history":[{"count":1,"href":"https:\/\/lamareaibiza.com\/en\/wp-json\/wp\/v2\/pages\/762\/revisions"}],"predecessor-version":[{"id":763,"href":"https:\/\/lamareaibiza.com\/en\/wp-json\/wp\/v2\/pages\/762\/revisions\/763"}],"wp:attachment":[{"href":"https:\/\/lamareaibiza.com\/en\/wp-json\/wp\/v2\/media?parent=762"}],"curies":[{"name":"wp","href":"https:\/\/api.w.org\/{rel}","templated":true}]}}